{"id":706,"date":"2017-01-30T16:05:49","date_gmt":"2017-01-30T15:05:49","guid":{"rendered":"http:\/\/theophilelancien.org\/?page_id=706&#038;lang=en"},"modified":"2018-06-04T14:21:10","modified_gmt":"2018-06-04T13:21:10","slug":"a-propos-blog","status":"publish","type":"page","link":"https:\/\/theophilelancien.org\/en\/a-propos-blog\/","title":{"rendered":"About this blog"},"content":{"rendered":"<p>[et_pb_section admin_label=&#8221;section&#8221; transparent_background=&#8221;on&#8221; background_color=&#8221;rgba(224,153,0,0.9)&#8221; allow_player_pause=&#8221;off&#8221; inner_shadow=&#8221;on&#8221; parallax=&#8221;off&#8221; parallax_method=&#8221;off&#8221; padding_mobile=&#8221;off&#8221; make_fullwidth=&#8221;off&#8221; use_custom_width=&#8221;off&#8221; width_unit=&#8221;on&#8221; make_equal=&#8221;off&#8221; use_custom_gutter=&#8221;off&#8221;][et_pb_row admin_label=&#8221;row&#8221;][et_pb_column type=&#8221;4_4&#8243;][et_pb_text admin_label=&#8221;Texte&#8221; background_layout=&#8221;light&#8221; text_orientation=&#8221;left&#8221; use_border_color=&#8221;off&#8221; border_color=&#8221;#ffffff&#8221; border_style=&#8221;solid&#8221; background_color=&#8221;rgba(255,255,255,0.47)&#8221; custom_margin=&#8221;15px|15px|15px|15px&#8221; custom_padding=&#8221;15px|15px|15px|15px&#8221;]<\/p>\n<p><script type=\"text\/javascript\">\n    \/\/ Javascript URL redirection\n    window.location.replace(\"https:\/\/theophilelancien.org\/en\/\");\n<\/script><\/p>\n<h1 class=\"slide\">About this blog<\/h1>\n<h1 class=\"slide\"><em>En chemin avec Th\u00e9ophile l&#8217;ancien<\/em><\/h1>\n<p>[\/et_pb_text][\/et_pb_column][\/et_pb_row][\/et_pb_section][et_pb_section admin_label=&#8221;Section&#8221; fullwidth=&#8221;off&#8221; specialty=&#8221;off&#8221;][et_pb_row admin_label=&#8221;Ligne&#8221;][et_pb_column type=&#8221;2_3&#8243;][et_pb_text admin_label=&#8221;Texte&#8221; background_layout=&#8221;light&#8221; text_orientation=&#8221;left&#8221; use_border_color=&#8221;off&#8221; border_color=&#8221;#ffffff&#8221; border_style=&#8221;solid&#8221;]<\/p>\n<p>Dear readers,<\/p>\n<p>pour bien comprendre ce blog et exp\u00e9rimenter ce qu\u2019il propose, Th\u00e9ophile l\u2019Ancien vous sugg\u00e8re de commencer par les deux articles suivants\u00a0:<\/p>\n<p>About this Blog and the way to use it<\/p>\n<p>Further reading, as recommended by Theophile<\/p>\n<p>[\/et_pb_text][\/et_pb_column][et_pb_column type=&#8221;1_3&#8243;][et_pb_sidebar admin_label=&#8221;Barre lat\u00e9rale&#8221; orientation=&#8221;right&#8221; area=&#8221;sidebar-1&#8243; background_layout=&#8221;light&#8221; remove_border=&#8221;off&#8221;]<\/p>\n<p>[\/et_pb_sidebar][\/et_pb_column][\/et_pb_row][\/et_pb_section]<\/p>\n","protected":false},"excerpt":{"rendered":"<p>About this blog En chemin avec Th\u00e9ophile l&#8217;ancien Dear readers, pour bien comprendre ce blog et exp\u00e9rimenter ce qu\u2019il propose, Th\u00e9ophile l\u2019Ancien vous sugg\u00e8re de commencer par les deux articles suivants\u00a0: About this Blog and the way to use it Further reading, as recommended by Theophile<\/p>\n","protected":false},"author":2,"featured_media":0,"parent":0,"menu_order":0,"comment_status":"closed","ping_status":"closed","template":"","meta":{"_et_pb_use_builder":"on","_et_pb_old_content":"","_et_gb_content_width":"","footnotes":""},"class_list":["post-706","page","type-page","status-publish","hentry"],"yoast_head":"<!-- This site is optimized with the Yoast SEO plugin v27.6 - https:\/\/yoast.com\/product\/yoast-seo-wordpress\/ -->\n<title>About this blog - Th\u00e9ophile l&#039;Ancien<\/title>\n<meta name=\"robots\" content=\"index, follow, max-snippet:-1, max-image-preview:large, max-video-preview:-1\" \/>\n<link rel=\"canonical\" href=\"https:\/\/theophilelancien.org\/en\/a-propos-blog\/\" \/>\n<meta property=\"og:locale\" content=\"en_US\" \/>\n<meta property=\"og:type\" content=\"article\" \/>\n<meta property=\"og:title\" content=\"About this blog - Th\u00e9ophile l&#039;Ancien\" \/>\n<meta property=\"og:description\" content=\"About this blog En chemin avec Th\u00e9ophile l&#039;ancien Dear readers, pour bien comprendre ce blog et exp\u00e9rimenter ce qu\u2019il propose, Th\u00e9ophile l\u2019Ancien vous sugg\u00e8re de commencer par les deux articles suivants\u00a0: About this Blog and the way to use it Further reading, as recommended by Theophile\" \/>\n<meta property=\"og:url\" content=\"https:\/\/theophilelancien.org\/en\/a-propos-blog\/\" \/>\n<meta property=\"og:site_name\" content=\"Th\u00e9ophile l&#039;Ancien\" \/>\n<meta property=\"article:publisher\" content=\"https:\/\/www.facebook.com\/theophile.lan\" \/>\n<meta property=\"article:modified_time\" content=\"2018-06-04T13:21:10+00:00\" \/>\n<meta property=\"og:image\" content=\"https:\/\/i0.wp.com\/theophilelancien.org\/wp-content\/uploads\/2016\/07\/logo2-1.png?fit=570%2C558&ssl=1\" \/>\n\t<meta property=\"og:image:width\" content=\"570\" \/>\n\t<meta property=\"og:image:height\" content=\"558\" \/>\n\t<meta property=\"og:image:type\" content=\"image\/png\" \/>\n<meta name=\"twitter:card\" content=\"summary_large_image\" \/>\n<meta name=\"twitter:label1\" content=\"Est. reading time\" \/>\n\t<meta name=\"twitter:data1\" content=\"1 minute\" \/>\n<script type=\"application\/ld+json\" class=\"yoast-schema-graph\">{\"@context\":\"https:\\\/\\\/schema.org\",\"@graph\":[{\"@type\":\"WebPage\",\"@id\":\"https:\\\/\\\/theophilelancien.org\\\/en\\\/a-propos-blog\\\/\",\"url\":\"https:\\\/\\\/theophilelancien.org\\\/en\\\/a-propos-blog\\\/\",\"name\":\"About this blog - Th\u00e9ophile l&#039;Ancien\",\"isPartOf\":{\"@id\":\"https:\\\/\\\/theophilelancien.org\\\/en\\\/#website\"},\"datePublished\":\"2017-01-30T15:05:49+00:00\",\"dateModified\":\"2018-06-04T13:21:10+00:00\",\"breadcrumb\":{\"@id\":\"https:\\\/\\\/theophilelancien.org\\\/en\\\/a-propos-blog\\\/#breadcrumb\"},\"inLanguage\":\"en-US\",\"potentialAction\":[{\"@type\":\"ReadAction\",\"target\":[\"https:\\\/\\\/theophilelancien.org\\\/en\\\/a-propos-blog\\\/\"]}]},{\"@type\":\"BreadcrumbList\",\"@id\":\"https:\\\/\\\/theophilelancien.org\\\/en\\\/a-propos-blog\\\/#breadcrumb\",\"itemListElement\":[{\"@type\":\"ListItem\",\"position\":1,\"name\":\"Accueil\",\"item\":\"https:\\\/\\\/theophilelancien.org\\\/en\\\/\"},{\"@type\":\"ListItem\",\"position\":2,\"name\":\"About this blog\"}]},{\"@type\":\"WebSite\",\"@id\":\"https:\\\/\\\/theophilelancien.org\\\/en\\\/#website\",\"url\":\"https:\\\/\\\/theophilelancien.org\\\/en\\\/\",\"name\":\"Th\u00e9ophile l&#039;Ancien\",\"description\":\"Th\u00e9ophile l&#039;Ancien\",\"potentialAction\":[{\"@type\":\"SearchAction\",\"target\":{\"@type\":\"EntryPoint\",\"urlTemplate\":\"https:\\\/\\\/theophilelancien.org\\\/en\\\/?s={search_term_string}\"},\"query-input\":{\"@type\":\"PropertyValueSpecification\",\"valueRequired\":true,\"valueName\":\"search_term_string\"}}],\"inLanguage\":\"en-US\"}]}<\/script>\n<!-- \/ Yoast SEO plugin. -->","yoast_head_json":{"title":"About this blog - Th\u00e9ophile l&#039;Ancien","robots":{"index":"index","follow":"follow","max-snippet":"max-snippet:-1","max-image-preview":"max-image-preview:large","max-video-preview":"max-video-preview:-1"},"canonical":"https:\/\/theophilelancien.org\/en\/a-propos-blog\/","og_locale":"en_US","og_type":"article","og_title":"About this blog - Th\u00e9ophile l&#039;Ancien","og_description":"About this blog En chemin avec Th\u00e9ophile l'ancien Dear readers, pour bien comprendre ce blog et exp\u00e9rimenter ce qu\u2019il propose, Th\u00e9ophile l\u2019Ancien vous sugg\u00e8re de commencer par les deux articles suivants\u00a0: About this Blog and the way to use it Further reading, as recommended by Theophile","og_url":"https:\/\/theophilelancien.org\/en\/a-propos-blog\/","og_site_name":"Th\u00e9ophile l&#039;Ancien","article_publisher":"https:\/\/www.facebook.com\/theophile.lan","article_modified_time":"2018-06-04T13:21:10+00:00","og_image":[{"width":570,"height":558,"url":"https:\/\/i0.wp.com\/theophilelancien.org\/wp-content\/uploads\/2016\/07\/logo2-1.png?fit=570%2C558&ssl=1","type":"image\/png"}],"twitter_card":"summary_large_image","twitter_misc":{"Est. reading time":"1 minute"},"schema":{"@context":"https:\/\/schema.org","@graph":[{"@type":"WebPage","@id":"https:\/\/theophilelancien.org\/en\/a-propos-blog\/","url":"https:\/\/theophilelancien.org\/en\/a-propos-blog\/","name":"About this blog - Th\u00e9ophile l&#039;Ancien","isPartOf":{"@id":"https:\/\/theophilelancien.org\/en\/#website"},"datePublished":"2017-01-30T15:05:49+00:00","dateModified":"2018-06-04T13:21:10+00:00","breadcrumb":{"@id":"https:\/\/theophilelancien.org\/en\/a-propos-blog\/#breadcrumb"},"inLanguage":"en-US","potentialAction":[{"@type":"ReadAction","target":["https:\/\/theophilelancien.org\/en\/a-propos-blog\/"]}]},{"@type":"BreadcrumbList","@id":"https:\/\/theophilelancien.org\/en\/a-propos-blog\/#breadcrumb","itemListElement":[{"@type":"ListItem","position":1,"name":"Accueil","item":"https:\/\/theophilelancien.org\/en\/"},{"@type":"ListItem","position":2,"name":"About this blog"}]},{"@type":"WebSite","@id":"https:\/\/theophilelancien.org\/en\/#website","url":"https:\/\/theophilelancien.org\/en\/","name":"Th\u00e9ophile l&#039;Ancien","description":"Th\u00e9ophile l&#039;Ancien","potentialAction":[{"@type":"SearchAction","target":{"@type":"EntryPoint","urlTemplate":"https:\/\/theophilelancien.org\/en\/?s={search_term_string}"},"query-input":{"@type":"PropertyValueSpecification","valueRequired":true,"valueName":"search_term_string"}}],"inLanguage":"en-US"}]}},"jetpack_sharing_enabled":true,"jetpack-related-posts":[{"id":3152,"url":"https:\/\/theophilelancien.org\/themes\/","url_meta":{"origin":706,"position":0},"title":"Th\u00e9mes","author":"G\u00e9rard Abraham","date":"05\/01\/2018","format":false,"excerpt":"","rel":"","context":"Similar post","block_context":{"text":"Similar post","link":""},"img":{"alt_text":"","src":"","width":0,"height":0},"classes":[]},{"id":5202,"url":"https:\/\/theophilelancien.org\/cahiers-de-theophile\/","url_meta":{"origin":706,"position":1},"title":"Les cahiers de Th\u00e9ophile","author":"G\u00e9rard Abraham","date":"19\/10\/2019","format":false,"excerpt":"","rel":"","context":"Similar post","block_context":{"text":"Similar post","link":""},"img":{"alt_text":"logo2","src":"https:\/\/i0.wp.com\/theophilelancien.org\/wp-content\/uploads\/2016\/07\/logo2-1.png?resize=350%2C200","width":350,"height":200},"classes":[]},{"id":2741,"url":"https:\/\/theophilelancien.org\/en\/dialogs-with-theophile-the-elder\/sharing-views-one-thousand-moons\/","url_meta":{"origin":706,"position":2},"title":"Sharing views with the One Thousand Moons","author":"G\u00e9rard Abraham","date":"07\/07\/2017","format":false,"excerpt":"","rel":"","context":"Similar post","block_context":{"text":"Similar post","link":""},"img":{"alt_text":"logo2","src":"https:\/\/i0.wp.com\/theophilelancien.org\/wp-content\/uploads\/2016\/07\/logo2-1.png?resize=350%2C200","width":350,"height":200},"classes":[]},{"id":7944,"url":"https:\/\/theophilelancien.org\/en\/amphitheo\/clips\/","url_meta":{"origin":706,"position":3},"title":"Clips","author":"G\u00e9rard Abraham","date":"22\/12\/2020","format":false,"excerpt":"","rel":"","context":"Similar post","block_context":{"text":"Similar post","link":""},"img":{"alt_text":"logo2","src":"https:\/\/i0.wp.com\/theophilelancien.org\/wp-content\/uploads\/2016\/07\/logo2-1.png?resize=350%2C200","width":350,"height":200},"classes":[]},{"id":3040,"url":"https:\/\/theophilelancien.org\/en\/going-deeper\/","url_meta":{"origin":706,"position":4},"title":"Going deeper redirig\u00e9e","author":"G\u00e9rard Abraham","date":"29\/12\/2017","format":false,"excerpt":"","rel":"","context":"Similar post","block_context":{"text":"Similar post","link":""},"img":{"alt_text":"logo2","src":"https:\/\/i0.wp.com\/theophilelancien.org\/wp-content\/uploads\/2016\/07\/logo2-1.png?resize=350%2C200","width":350,"height":200},"classes":[]},{"id":5071,"url":"https:\/\/theophilelancien.org\/dialogues-avec-theophile-lancien\/","url_meta":{"origin":706,"position":5},"title":"Dialogues","author":"G\u00e9rard Abraham","date":"17\/10\/2019","format":false,"excerpt":"","rel":"","context":"Similar post","block_context":{"text":"Similar post","link":""},"img":{"alt_text":"logo2","src":"https:\/\/i0.wp.com\/theophilelancien.org\/wp-content\/uploads\/2016\/07\/logo2-1.png?resize=350%2C200","width":350,"height":200},"classes":[]}],"_links":{"self":[{"href":"https:\/\/theophilelancien.org\/en\/wp-json\/wp\/v2\/pages\/706","targetHints":{"allow":["GET"]}}],"collection":[{"href":"https:\/\/theophilelancien.org\/en\/wp-json\/wp\/v2\/pages"}],"about":[{"href":"https:\/\/theophilelancien.org\/en\/wp-json\/wp\/v2\/types\/page"}],"author":[{"embeddable":true,"href":"https:\/\/theophilelancien.org\/en\/wp-json\/wp\/v2\/users\/2"}],"replies":[{"embeddable":true,"href":"https:\/\/theophilelancien.org\/en\/wp-json\/wp\/v2\/comments?post=706"}],"version-history":[{"count":0,"href":"https:\/\/theophilelancien.org\/en\/wp-json\/wp\/v2\/pages\/706\/revisions"}],"wp:attachment":[{"href":"https:\/\/theophilelancien.org\/en\/wp-json\/wp\/v2\/media?parent=706"}],"curies":[{"name":"wp","href":"https:\/\/api.w.org\/{rel}","templated":true}]}}