{"id":6539,"date":"2020-11-24T15:00:00","date_gmt":"2020-11-24T14:00:00","guid":{"rendered":"https:\/\/theophilelancien.org\/?page_id=6539"},"modified":"2023-12-07T16:23:04","modified_gmt":"2023-12-07T15:23:04","slug":"amphitheo","status":"publish","type":"page","link":"https:\/\/theophilelancien.org\/en\/amphitheo\/","title":{"rendered":"AmphiTheo"},"content":{"rendered":"<p>[et_pb_section fb_built=&#8221;1&#8243; custom_padding_last_edited=&#8221;on|phone&#8221; admin_label=&#8221;section&#8221; _builder_version=&#8221;4.16&#8243; background_color=&#8221;rgba(221,210,210,0.38)&#8221; background_image=&#8221;https:\/\/theophilelancien.org\/wp-content\/uploads\/2020\/12\/fond-banniere-0-60-70.jpg&#8221; custom_padding=&#8221;30px||0px||false|false&#8221; custom_padding_tablet=&#8221;15px|0|5px|0|false|false&#8221; custom_padding_phone=&#8221;10px||3px||false|false&#8221; transparent_background=&#8221;off&#8221; make_fullwidth=&#8221;off&#8221; use_custom_width=&#8221;off&#8221; width_unit=&#8221;on&#8221; locked=&#8221;off&#8221; global_colors_info=&#8221;{}&#8221;][et_pb_row admin_label=&#8221;row&#8221; _builder_version=&#8221;4.16&#8243; background_size=&#8221;initial&#8221; background_position=&#8221;top_left&#8221; background_repeat=&#8221;repeat&#8221; custom_padding=&#8221;||10px||false|false&#8221; global_colors_info=&#8221;{}&#8221;][et_pb_column type=&#8221;4_4&#8243; _builder_version=&#8221;4.16&#8243; custom_padding=&#8221;|||&#8221; global_colors_info=&#8221;{}&#8221; custom_padding__hover=&#8221;|||&#8221;][et_pb_text _builder_version=&#8221;4.23.1&#8243; _module_preset=&#8221;default&#8221; hover_enabled=&#8221;0&#8243; global_colors_info=&#8221;{}&#8221; sticky_enabled=&#8221;0&#8243;]<\/p>\n<h1 style=\"text-align: center;\">On the way with Theophile the Elder<\/h1>\n<div id=\"gtx-trans\" style=\"position: absolute; left: 612px; top: 63.7708px;\">\n<div class=\"gtx-trans-icon\"><\/div>\n<\/div>\n<p>[\/et_pb_text][et_pb_text admin_label=&#8221;Texte&#8221; _builder_version=&#8221;4.16&#8243; background_size=&#8221;initial&#8221; background_position=&#8221;top_left&#8221; background_repeat=&#8221;repeat&#8221; use_border_color=&#8221;off&#8221; border_color=&#8221;#ffffff&#8221; border_style=&#8221;solid&#8221; global_colors_info=&#8221;{}&#8221;]<\/p>\n<p style=\"text-align: center;\"><img data-recalc-dims=\"1\" loading=\"lazy\" decoding=\"async\" class=\"aligncenter wp-image-253\" src=\"https:\/\/i0.wp.com\/theophilelancien.org\/wp-content\/uploads\/2016\/07\/logo2-1.png?resize=249%2C244\" alt=\"logo2\" width=\"249\" height=\"244\" srcset=\"https:\/\/i0.wp.com\/theophilelancien.org\/wp-content\/uploads\/2016\/07\/logo2-1.png?w=570&amp;ssl=1 570w, https:\/\/i0.wp.com\/theophilelancien.org\/wp-content\/uploads\/2016\/07\/logo2-1.png?resize=300%2C294&amp;ssl=1 300w\" sizes=\"(max-width: 249px) 100vw, 249px\" \/><\/p>\n<p>[\/et_pb_text][et_pb_text admin_label=&#8221;Texte&#8221; _builder_version=&#8221;4.17.4&#8243; text_font_size=&#8221;22px&#8221; background_size=&#8221;initial&#8221; background_position=&#8221;top_left&#8221; background_repeat=&#8221;repeat&#8221; custom_padding=&#8221;13px||0px||false|false&#8221; use_border_color=&#8221;off&#8221; border_color=&#8221;#ffffff&#8221; border_style=&#8221;solid&#8221; global_colors_info=&#8221;{}&#8221;]<\/p>\n<h1 style=\"text-align: center;\"><em>AmphiTheo<\/em><em><\/em><\/h1>\n<p style=\"text-align: center;\">\n<p style=\"text-align: center;\">Here we suggest you sit and listen.<\/p>\n<p style=\"text-align: center;\">Enter the amphitheatre and attend the teachings, conferences, talks&#8230; of Theo.<\/p>\n<p style=\"text-align: center;\">\n<p style=\"text-align: center;\"><em><img data-recalc-dims=\"1\" loading=\"lazy\" decoding=\"async\" src=\"https:\/\/i0.wp.com\/theophilelancien.org\/wp-content\/uploads\/2021\/06\/Lotus-6-e1624367962403.png?resize=64%2C63&#038;ssl=1\" alt=\"\" class=\"wp-image-9027 alignnone size-full\" width=\"64\" height=\"63\" \/><\/em><\/p>\n<p style=\"text-align: center;\"><em><\/em><\/p>\n<p>[\/et_pb_text][\/et_pb_column][\/et_pb_row][\/et_pb_section][et_pb_section fb_built=&#8221;1&#8243; admin_label=&#8221;section&#8221; _builder_version=&#8221;4.16&#8243; locked=&#8221;off&#8221; global_colors_info=&#8221;{}&#8221;][et_pb_row column_structure=&#8221;1_3,1_3,1_3&#8243; _builder_version=&#8221;4.16&#8243; _module_preset=&#8221;default&#8221; custom_padding=&#8221;20px||||false|false&#8221; locked=&#8221;off&#8221; global_colors_info=&#8221;{}&#8221;][et_pb_column type=&#8221;1_3&#8243; _builder_version=&#8221;4.16&#8243; _module_preset=&#8221;default&#8221; global_colors_info=&#8221;{}&#8221;][et_pb_slider _builder_version=&#8221;4.17.4&#8243; _module_preset=&#8221;default&#8221; background_color=&#8221;#8300E9&#8243; custom_padding=&#8221;||63px|||&#8221; link_option_url=&#8221;https:\/\/theophilelancien.org\/en\/heart-in-all-his-states-conferences\/&#8221; link_option_url_new_window=&#8221;on&#8221; border_width_all=&#8221;2px&#8221; border_color_all=&#8221;#818181&#8243; global_colors_info=&#8221;{}&#8221;][et_pb_slide heading=&#8221;The Heart in all his states&#8221; image=&#8221;https:\/\/theophilelancien.org\/wp-content\/uploads\/2021\/03\/176-The-Heart-in-all-its-states-video.jpg&#8221; use_bg_overlay=&#8221;off&#8221; use_text_overlay=&#8221;off&#8221; _builder_version=&#8221;4.17.4&#8243; _module_preset=&#8221;default&#8221; header_text_color=&#8221;#000000&#8243; background_color=&#8221;#FFFFFF&#8221; background_enable_color=&#8221;on&#8221; background_layout=&#8221;light&#8221; global_colors_info=&#8221;{}&#8221; sticky_transition=&#8221;on&#8221;]<\/p>\n<p>These lectures take us into the depths of the heart and allow us to experience its different levels.<\/p>\n<p>Embark on a meditative journey into the depths of yourself.<\/p>\n<p>[\/et_pb_slide][\/et_pb_slider][\/et_pb_column][et_pb_column type=&#8221;1_3&#8243; _builder_version=&#8221;4.16&#8243; _module_preset=&#8221;default&#8221; global_colors_info=&#8221;{}&#8221;][et_pb_slider _builder_version=&#8221;4.17.4&#8243; _module_preset=&#8221;default&#8221; custom_padding=&#8221;||62px|||&#8221; link_option_url=&#8221;https:\/\/theophilelancien.org\/en\/attawhid-unicite-a-la-lumiere-de-heartfullness\/?et_fb=1&#038;PageSpeed=off&#8221; link_option_url_new_window=&#8221;on&#8221; global_colors_info=&#8221;{}&#8221;][et_pb_slide heading=&#8221;Tawhid (Unicit\u00e9) \u00e0 la lumi\u00e8re de Heartfulness&#8221; image=&#8221;https:\/\/theophilelancien.org\/wp-content\/uploads\/2022\/03\/rsd-tawhid.jpg&#8221; _builder_version=&#8221;4.17.4&#8243; _module_preset=&#8221;default&#8221; header_text_color=&#8221;#000000&#8243; background_color=&#8221;rgba(221,210,210,0.38)&#8221; background_enable_color=&#8221;on&#8221; background_layout=&#8221;light&#8221; global_colors_info=&#8221;{}&#8221; sticky_transition=&#8221;on&#8221;]<\/p>\n<p>Highlighting the links between what is developed by Islam in the Qur&#8217;an on Oneness, and the teaching offered by Heartfulness.<\/p>\n<p>Experiencing the depths of the heart.<\/p>\n<p>[\/et_pb_slide][\/et_pb_slider][\/et_pb_column][et_pb_column type=&#8221;1_3&#8243; _builder_version=&#8221;4.16&#8243; _module_preset=&#8221;default&#8221; global_colors_info=&#8221;{}&#8221;][et_pb_slider _builder_version=&#8221;4.23.1&#8243; _module_preset=&#8221;default&#8221; custom_padding=&#8221;||62px|||&#8221; link_option_url=&#8221;https:\/\/theophilelancien.org\/en\/helene-peyret\/&#8221; link_option_url_new_window=&#8221;on&#8221; border_width_all=&#8221;2px&#8221; border_color_all=&#8221;#818181&#8243; border_radii_image=&#8221;off||||&#8221; box_shadow_style_image=&#8221;preset1&#8243; global_colors_info=&#8221;{}&#8221;][et_pb_slide heading=&#8221;H\u00e9l\u00e8ne Peyret&#8221; image=&#8221;https:\/\/theophilelancien.org\/wp-content\/uploads\/2022\/05\/195-MF-Helene-Peyret-GB.jpg.png&#8221; _builder_version=&#8221;4.17.4&#8243; _module_preset=&#8221;default&#8221; header_text_color=&#8221;#000000&#8243; background_color=&#8221;#FFFFFF&#8221; background_enable_color=&#8221;on&#8221; background_layout=&#8221;light&#8221; box_shadow_style_image=&#8221;preset6&#8243; global_colors_info=&#8221;{}&#8221; sticky_transition=&#8221;on&#8221;]<\/p>\n<p>Through regular interviews over many years, H\u00e9l\u00e8ne and Patrick have developed a deep bond and complicity.<\/p>\n<p>To allow us to get to know the \u201cBabuji scribe\u201d, as she defined herself, better, he offers to share the fragrance.<\/p>\n<p>[\/et_pb_slide][\/et_pb_slider][\/et_pb_column][\/et_pb_row][\/et_pb_section]<\/p>\n","protected":false},"excerpt":{"rendered":"<p>On the way with Theophile the Elder AmphiTheo Here we suggest you sit and listen. Enter the amphitheatre and attend the teachings, conferences, talks&#8230; of Theo. These lectures take us into the depths of the heart and allow us to experience its different levels. Embark on a meditative journey into the depths of yourself.Highlighting the [&hellip;]<\/p>\n","protected":false},"author":2,"featured_media":0,"parent":0,"menu_order":0,"comment_status":"closed","ping_status":"closed","template":"","meta":{"_et_pb_use_builder":"on","_et_pb_old_content":"","_et_gb_content_width":"","jetpack_post_was_ever_published":false,"footnotes":""},"class_list":["post-6539","page","type-page","status-publish","hentry"],"yoast_head":"<!-- This site is optimized with the Yoast SEO plugin v27.4 - https:\/\/yoast.com\/product\/yoast-seo-wordpress\/ -->\n<title>AmphiTheo - Th\u00e9ophile l&#039;Ancien<\/title>\n<meta name=\"robots\" content=\"index, follow, max-snippet:-1, max-image-preview:large, max-video-preview:-1\" \/>\n<link rel=\"canonical\" href=\"https:\/\/theophilelancien.org\/en\/amphitheo\/\" \/>\n<meta property=\"og:locale\" content=\"en_US\" \/>\n<meta property=\"og:type\" content=\"article\" \/>\n<meta property=\"og:title\" content=\"AmphiTheo - Th\u00e9ophile l&#039;Ancien\" \/>\n<meta property=\"og:description\" content=\"On the way with Theophile the Elder AmphiTheo Here we suggest you sit and listen. Enter the amphitheatre and attend the teachings, conferences, talks... of Theo. These lectures take us into the depths of the heart and allow us to experience its different levels. Embark on a meditative journey into the depths of yourself.Highlighting the [&hellip;]\" \/>\n<meta property=\"og:url\" content=\"https:\/\/theophilelancien.org\/en\/amphitheo\/\" \/>\n<meta property=\"og:site_name\" content=\"Th\u00e9ophile l&#039;Ancien\" \/>\n<meta property=\"article:publisher\" content=\"https:\/\/www.facebook.com\/theophile.lan\" \/>\n<meta property=\"article:modified_time\" content=\"2023-12-07T15:23:04+00:00\" \/>\n<meta property=\"og:image\" content=\"http:\/\/theophilelancien.org\/wp-content\/uploads\/2016\/07\/logo2-1.png\" \/>\n<meta name=\"twitter:card\" content=\"summary_large_image\" \/>\n<meta name=\"twitter:label1\" content=\"Est. reading time\" \/>\n\t<meta name=\"twitter:data1\" content=\"3 minutes\" \/>\n<script type=\"application\/ld+json\" class=\"yoast-schema-graph\">{\"@context\":\"https:\\\/\\\/schema.org\",\"@graph\":[{\"@type\":\"WebPage\",\"@id\":\"https:\\\/\\\/theophilelancien.org\\\/en\\\/amphitheo\\\/\",\"url\":\"https:\\\/\\\/theophilelancien.org\\\/en\\\/amphitheo\\\/\",\"name\":\"AmphiTheo - Th\u00e9ophile l&#039;Ancien\",\"isPartOf\":{\"@id\":\"https:\\\/\\\/theophilelancien.org\\\/en\\\/#website\"},\"primaryImageOfPage\":{\"@id\":\"https:\\\/\\\/theophilelancien.org\\\/en\\\/amphitheo\\\/#primaryimage\"},\"image\":{\"@id\":\"https:\\\/\\\/theophilelancien.org\\\/en\\\/amphitheo\\\/#primaryimage\"},\"thumbnailUrl\":\"http:\\\/\\\/theophilelancien.org\\\/wp-content\\\/uploads\\\/2016\\\/07\\\/logo2-1.png\",\"datePublished\":\"2020-11-24T14:00:00+00:00\",\"dateModified\":\"2023-12-07T15:23:04+00:00\",\"breadcrumb\":{\"@id\":\"https:\\\/\\\/theophilelancien.org\\\/en\\\/amphitheo\\\/#breadcrumb\"},\"inLanguage\":\"en-US\",\"potentialAction\":[{\"@type\":\"ReadAction\",\"target\":[\"https:\\\/\\\/theophilelancien.org\\\/en\\\/amphitheo\\\/\"]}]},{\"@type\":\"ImageObject\",\"inLanguage\":\"en-US\",\"@id\":\"https:\\\/\\\/theophilelancien.org\\\/en\\\/amphitheo\\\/#primaryimage\",\"url\":\"http:\\\/\\\/theophilelancien.org\\\/wp-content\\\/uploads\\\/2016\\\/07\\\/logo2-1.png\",\"contentUrl\":\"http:\\\/\\\/theophilelancien.org\\\/wp-content\\\/uploads\\\/2016\\\/07\\\/logo2-1.png\"},{\"@type\":\"BreadcrumbList\",\"@id\":\"https:\\\/\\\/theophilelancien.org\\\/en\\\/amphitheo\\\/#breadcrumb\",\"itemListElement\":[{\"@type\":\"ListItem\",\"position\":1,\"name\":\"Accueil\",\"item\":\"https:\\\/\\\/theophilelancien.org\\\/en\\\/\"},{\"@type\":\"ListItem\",\"position\":2,\"name\":\"AmphiTheo\"}]},{\"@type\":\"WebSite\",\"@id\":\"https:\\\/\\\/theophilelancien.org\\\/en\\\/#website\",\"url\":\"https:\\\/\\\/theophilelancien.org\\\/en\\\/\",\"name\":\"Th\u00e9ophile l&#039;Ancien\",\"description\":\"Th\u00e9ophile l&#039;Ancien\",\"potentialAction\":[{\"@type\":\"SearchAction\",\"target\":{\"@type\":\"EntryPoint\",\"urlTemplate\":\"https:\\\/\\\/theophilelancien.org\\\/en\\\/?s={search_term_string}\"},\"query-input\":{\"@type\":\"PropertyValueSpecification\",\"valueRequired\":true,\"valueName\":\"search_term_string\"}}],\"inLanguage\":\"en-US\"}]}<\/script>\n<!-- \/ Yoast SEO plugin. -->","yoast_head_json":{"title":"AmphiTheo - Th\u00e9ophile l&#039;Ancien","robots":{"index":"index","follow":"follow","max-snippet":"max-snippet:-1","max-image-preview":"max-image-preview:large","max-video-preview":"max-video-preview:-1"},"canonical":"https:\/\/theophilelancien.org\/en\/amphitheo\/","og_locale":"en_US","og_type":"article","og_title":"AmphiTheo - Th\u00e9ophile l&#039;Ancien","og_description":"On the way with Theophile the Elder AmphiTheo Here we suggest you sit and listen. Enter the amphitheatre and attend the teachings, conferences, talks... of Theo. These lectures take us into the depths of the heart and allow us to experience its different levels. Embark on a meditative journey into the depths of yourself.Highlighting the [&hellip;]","og_url":"https:\/\/theophilelancien.org\/en\/amphitheo\/","og_site_name":"Th\u00e9ophile l&#039;Ancien","article_publisher":"https:\/\/www.facebook.com\/theophile.lan","article_modified_time":"2023-12-07T15:23:04+00:00","og_image":[{"url":"http:\/\/theophilelancien.org\/wp-content\/uploads\/2016\/07\/logo2-1.png","type":"","width":"","height":""}],"twitter_card":"summary_large_image","twitter_misc":{"Est. reading time":"3 minutes"},"schema":{"@context":"https:\/\/schema.org","@graph":[{"@type":"WebPage","@id":"https:\/\/theophilelancien.org\/en\/amphitheo\/","url":"https:\/\/theophilelancien.org\/en\/amphitheo\/","name":"AmphiTheo - Th\u00e9ophile l&#039;Ancien","isPartOf":{"@id":"https:\/\/theophilelancien.org\/en\/#website"},"primaryImageOfPage":{"@id":"https:\/\/theophilelancien.org\/en\/amphitheo\/#primaryimage"},"image":{"@id":"https:\/\/theophilelancien.org\/en\/amphitheo\/#primaryimage"},"thumbnailUrl":"http:\/\/theophilelancien.org\/wp-content\/uploads\/2016\/07\/logo2-1.png","datePublished":"2020-11-24T14:00:00+00:00","dateModified":"2023-12-07T15:23:04+00:00","breadcrumb":{"@id":"https:\/\/theophilelancien.org\/en\/amphitheo\/#breadcrumb"},"inLanguage":"en-US","potentialAction":[{"@type":"ReadAction","target":["https:\/\/theophilelancien.org\/en\/amphitheo\/"]}]},{"@type":"ImageObject","inLanguage":"en-US","@id":"https:\/\/theophilelancien.org\/en\/amphitheo\/#primaryimage","url":"http:\/\/theophilelancien.org\/wp-content\/uploads\/2016\/07\/logo2-1.png","contentUrl":"http:\/\/theophilelancien.org\/wp-content\/uploads\/2016\/07\/logo2-1.png"},{"@type":"BreadcrumbList","@id":"https:\/\/theophilelancien.org\/en\/amphitheo\/#breadcrumb","itemListElement":[{"@type":"ListItem","position":1,"name":"Accueil","item":"https:\/\/theophilelancien.org\/en\/"},{"@type":"ListItem","position":2,"name":"AmphiTheo"}]},{"@type":"WebSite","@id":"https:\/\/theophilelancien.org\/en\/#website","url":"https:\/\/theophilelancien.org\/en\/","name":"Th\u00e9ophile l&#039;Ancien","description":"Th\u00e9ophile l&#039;Ancien","potentialAction":[{"@type":"SearchAction","target":{"@type":"EntryPoint","urlTemplate":"https:\/\/theophilelancien.org\/en\/?s={search_term_string}"},"query-input":{"@type":"PropertyValueSpecification","valueRequired":true,"valueName":"search_term_string"}}],"inLanguage":"en-US"}]}},"jetpack_sharing_enabled":true,"jetpack-related-posts":[{"id":1213,"url":"https:\/\/theophilelancien.org\/les-voies\/","url_meta":{"origin":6539,"position":0},"title":"Voies spirituelles","author":"G\u00e9rard Abraham","date":"11\/03\/2017","format":false,"excerpt":"","rel":"","context":"Similar post","block_context":{"text":"Similar post","link":""},"img":{"alt_text":"logo2","src":"https:\/\/i0.wp.com\/theophilelancien.org\/wp-content\/uploads\/2016\/07\/logo2-1.png?resize=350%2C200","width":350,"height":200},"classes":[]},{"id":1849,"url":"https:\/\/theophilelancien.org\/en\/les-voies\/","url_meta":{"origin":6539,"position":1},"title":"Spiritual paths","author":"G\u00e9rard Abraham","date":"11\/03\/2017","format":false,"excerpt":"","rel":"","context":"Similar post","block_context":{"text":"Similar post","link":""},"img":{"alt_text":"logo2","src":"https:\/\/i0.wp.com\/theophilelancien.org\/wp-content\/uploads\/2016\/07\/logo2-1.png?resize=350%2C200","width":350,"height":200},"classes":[]},{"id":315,"url":"https:\/\/theophilelancien.org\/travail-sur-soi\/","url_meta":{"origin":6539,"position":2},"title":"Travail sur soi","author":"G\u00e9rard Abraham","date":"30\/07\/2016","format":false,"excerpt":"","rel":"","context":"Similar post","block_context":{"text":"Similar post","link":""},"img":{"alt_text":"logo2","src":"https:\/\/i0.wp.com\/theophilelancien.org\/wp-content\/uploads\/2016\/07\/logo2-1.png?resize=350%2C200","width":350,"height":200},"classes":[]},{"id":1209,"url":"https:\/\/theophilelancien.org\/conseils-de-vie\/","url_meta":{"origin":6539,"position":3},"title":"Conseils de vie","author":"G\u00e9rard Abraham","date":"11\/03\/2017","format":false,"excerpt":"","rel":"","context":"Similar post","block_context":{"text":"Similar post","link":""},"img":{"alt_text":"logo2","src":"https:\/\/i0.wp.com\/theophilelancien.org\/wp-content\/uploads\/2016\/07\/logo2-1.png?resize=350%2C200","width":350,"height":200},"classes":[]},{"id":1848,"url":"https:\/\/theophilelancien.org\/en\/lifestyle-recommended\/","url_meta":{"origin":6539,"position":4},"title":"Lifestyle recommended","author":"G\u00e9rard Abraham","date":"11\/03\/2017","format":false,"excerpt":"","rel":"","context":"Similar post","block_context":{"text":"Similar post","link":""},"img":{"alt_text":"logo2","src":"https:\/\/i0.wp.com\/theophilelancien.org\/wp-content\/uploads\/2016\/07\/logo2-1.png?resize=350%2C200","width":350,"height":200},"classes":[]},{"id":6340,"url":"https:\/\/theophilelancien.org\/lamphitheo\/","url_meta":{"origin":6539,"position":5},"title":"L&#8217;amphiTh\u00e9o","author":"G\u00e9rard Abraham","date":"15\/10\/2020","format":false,"excerpt":"","rel":"","context":"Similar post","block_context":{"text":"Similar post","link":""},"img":{"alt_text":"logo2","src":"https:\/\/i0.wp.com\/theophilelancien.org\/wp-content\/uploads\/2016\/07\/logo2-1.png?resize=350%2C200","width":350,"height":200},"classes":[]}],"_links":{"self":[{"href":"https:\/\/theophilelancien.org\/en\/wp-json\/wp\/v2\/pages\/6539","targetHints":{"allow":["GET"]}}],"collection":[{"href":"https:\/\/theophilelancien.org\/en\/wp-json\/wp\/v2\/pages"}],"about":[{"href":"https:\/\/theophilelancien.org\/en\/wp-json\/wp\/v2\/types\/page"}],"author":[{"embeddable":true,"href":"https:\/\/theophilelancien.org\/en\/wp-json\/wp\/v2\/users\/2"}],"replies":[{"embeddable":true,"href":"https:\/\/theophilelancien.org\/en\/wp-json\/wp\/v2\/comments?post=6539"}],"version-history":[{"count":48,"href":"https:\/\/theophilelancien.org\/en\/wp-json\/wp\/v2\/pages\/6539\/revisions"}],"predecessor-version":[{"id":11694,"href":"https:\/\/theophilelancien.org\/en\/wp-json\/wp\/v2\/pages\/6539\/revisions\/11694"}],"wp:attachment":[{"href":"https:\/\/theophilelancien.org\/en\/wp-json\/wp\/v2\/media?parent=6539"}],"curies":[{"name":"wp","href":"https:\/\/api.w.org\/{rel}","templated":true}]}}