{"id":10490,"date":"2022-05-15T12:17:21","date_gmt":"2022-05-15T10:17:21","guid":{"rendered":"https:\/\/theophilelancien.org\/?page_id=10490"},"modified":"2022-05-23T15:31:52","modified_gmt":"2022-05-23T13:31:52","slug":"feminine-mysticism","status":"publish","type":"page","link":"https:\/\/theophilelancien.org\/en\/feminine-mysticism\/","title":{"rendered":"All on feminine mysticism &#8230;"},"content":{"rendered":"<p>[et_pb_section fb_built=&#8221;1&#8243; custom_padding_last_edited=&#8221;on|desktop&#8221; admin_label=&#8221;section&#8221; _builder_version=&#8221;4.16&#8243; background_color=&#8221;rgba(221,210,210,0.38)&#8221; custom_padding_tablet=&#8221;50px|0|50px|0&#8243; custom_padding_phone=&#8221;&#8221; transparent_background=&#8221;off&#8221; padding_mobile=&#8221;off&#8221; make_fullwidth=&#8221;off&#8221; use_custom_width=&#8221;off&#8221; width_unit=&#8221;on&#8221; locked=&#8221;off&#8221; global_colors_info=&#8221;{}&#8221;][et_pb_row admin_label=&#8221;row&#8221; _builder_version=&#8221;4.16&#8243; background_size=&#8221;initial&#8221; background_position=&#8221;top_left&#8221; background_repeat=&#8221;repeat&#8221; locked=&#8221;off&#8221; global_colors_info=&#8221;{}&#8221;][et_pb_column type=&#8221;4_4&#8243; _builder_version=&#8221;4.16&#8243; custom_padding=&#8221;|||&#8221; global_colors_info=&#8221;{}&#8221; custom_padding__hover=&#8221;|||&#8221;][et_pb_text admin_label=&#8221;Texte&#8221; _builder_version=&#8221;4.16&#8243; background_size=&#8221;initial&#8221; background_position=&#8221;top_left&#8221; background_repeat=&#8221;repeat&#8221; custom_margin=&#8221;||15px|||&#8221; use_border_color=&#8221;off&#8221; border_color=&#8221;#ffffff&#8221; border_style=&#8221;solid&#8221; global_colors_info=&#8221;{}&#8221;]<img data-recalc-dims=\"1\" loading=\"lazy\" decoding=\"async\" class=\"aligncenter wp-image-253\" src=\"https:\/\/i0.wp.com\/theophilelancien.org\/wp-content\/uploads\/2016\/07\/logo2-1.png?resize=249%2C244\" alt=\"logo2\" width=\"249\" height=\"244\" srcset=\"https:\/\/i0.wp.com\/theophilelancien.org\/wp-content\/uploads\/2016\/07\/logo2-1.png?w=570&amp;ssl=1 570w, https:\/\/i0.wp.com\/theophilelancien.org\/wp-content\/uploads\/2016\/07\/logo2-1.png?resize=300%2C294&amp;ssl=1 300w\" sizes=\"(max-width: 249px) 100vw, 249px\" \/>[\/et_pb_text][et_pb_text _builder_version=&#8221;4.16&#8243; _module_preset=&#8221;default&#8221; custom_padding=&#8221;20px||||false|false&#8221; global_colors_info=&#8221;{}&#8221;]<\/p>\n<h1 style=\"text-align: center;\">All on<\/h1>\n<p>&nbsp;<\/p>\n<h1 style=\"text-align: center;\"><em>Feminine mysticism &#8230;<\/em><\/h1>\n<p>[\/et_pb_text][et_pb_text _builder_version=&#8221;4.16&#8243; _module_preset=&#8221;default&#8221; global_colors_info=&#8221;{}&#8221;]<\/p>\n<h3 style=\"text-align: center;\"><em><img data-recalc-dims=\"1\" loading=\"lazy\" decoding=\"async\" class=\"wp-image-9027 alignnone size-full\" src=\"https:\/\/i0.wp.com\/theophilelancien.org\/wp-content\/uploads\/2021\/06\/Lotus-6-e1624367962403.png?resize=64%2C63&#038;ssl=1\" alt=\"\" width=\"64\" height=\"63\" \/><\/em><\/h3>\n<p>[\/et_pb_text][\/et_pb_column][\/et_pb_row][\/et_pb_section][et_pb_section fb_built=&#8221;1&#8243; admin_label=&#8221;Section&#8221; _builder_version=&#8221;4.16&#8243; global_colors_info=&#8221;{}&#8221;][et_pb_row _builder_version=&#8221;4.16&#8243; _module_preset=&#8221;default&#8221; custom_padding=&#8221;20px||25px||false|false&#8221; locked=&#8221;off&#8221; global_colors_info=&#8221;{}&#8221;][et_pb_column type=&#8221;4_4&#8243; _builder_version=&#8221;4.16&#8243; _module_preset=&#8221;default&#8221; global_colors_info=&#8221;{}&#8221;][et_pb_text _builder_version=&#8221;4.17.4&#8243; _module_preset=&#8221;default&#8221; text_font_size=&#8221;18px&#8221; locked=&#8221;off&#8221; global_colors_info=&#8221;{}&#8221;]<\/p>\n<h3>Video on H\u00e9l\u00e8ne Peyret<em><br \/><\/em>of april 2013 and visioconference of 10 april 2021<\/h3>\n<p>[\/et_pb_text][et_pb_text _builder_version=&#8221;4.17.4&#8243; _module_preset=&#8221;default&#8221; text_font_size=&#8221;18px&#8221; custom_padding=&#8221;0px||||false|false&#8221; custom_padding_tablet=&#8221;0px||||false|false&#8221; custom_padding_phone=&#8221;&#8221; custom_padding_last_edited=&#8221;on|phone&#8221; global_colors_info=&#8221;{}&#8221;]<\/p>\n<h3><span>Visioconference<\/span><\/h3>\n<div id=\"gtx-trans\" style=\"position: absolute; left: 97px; top: 43.4609px;\">\n<div class=\"gtx-trans-icon\"><\/div>\n<\/div>\n<p>[\/et_pb_text][\/et_pb_column][\/et_pb_row][et_pb_row column_structure=&#8221;1_2,1_2&#8243; _builder_version=&#8221;4.16&#8243; _module_preset=&#8221;default&#8221; custom_padding=&#8221;20px||25px||false|false&#8221; locked=&#8221;off&#8221; global_colors_info=&#8221;{}&#8221;][et_pb_column type=&#8221;1_2&#8243; _builder_version=&#8221;4.16&#8243; _module_preset=&#8221;default&#8221; global_colors_info=&#8221;{}&#8221;][et_pb_image src=&#8221;https:\/\/theophilelancien.org\/wp-content\/uploads\/2022\/05\/195-MF-Helene-Peyret-GB.jpg.png&#8221; alt=&#8221;195-MF H\u00e9l\u00e8ne Peyret GB.jpg&#8221; title_text=&#8221;195-MF H\u00e9l\u00e8ne Peyret GB.jpg&#8221; _builder_version=&#8221;4.17.4&#8243; _module_preset=&#8221;default&#8221; hover_enabled=&#8221;0&#8243; global_colors_info=&#8221;{}&#8221; url=&#8221;https:\/\/youtu.be\/tGo54zx19Ok&#8221; sticky_enabled=&#8221;0&#8243;][\/et_pb_image][\/et_pb_column][et_pb_column type=&#8221;1_2&#8243; _builder_version=&#8221;4.16&#8243; _module_preset=&#8221;default&#8221; global_colors_info=&#8221;{}&#8221;][et_pb_text _builder_version=&#8221;4.17.4&#8243; _module_preset=&#8221;default&#8221; text_font_size=&#8221;18px&#8221; custom_padding=&#8221;0px||||false|false&#8221; custom_padding_tablet=&#8221;0px||||false|false&#8221; custom_padding_phone=&#8221;&#8221; custom_padding_last_edited=&#8221;on|phone&#8221; global_colors_info=&#8221;{}&#8221;]<\/p>\n<p>Through regular interviews over many years, H\u00e9l\u00e8ne and Patrick have developed a deep bond and complicity.<\/p>\n<p>To allow us to get to know the &#8220;Babuji scribe&#8221;, as she defined herself, better, he offers to share the fragrance.<\/p>\n<p>[\/et_pb_text][\/et_pb_column][\/et_pb_row][et_pb_row _builder_version=&#8221;4.16&#8243; _module_preset=&#8221;default&#8221; custom_padding=&#8221;20px||25px||false|false&#8221; locked=&#8221;off&#8221; global_colors_info=&#8221;{}&#8221;][et_pb_column type=&#8221;4_4&#8243; _builder_version=&#8221;4.16&#8243; _module_preset=&#8221;default&#8221; global_colors_info=&#8221;{}&#8221;][et_pb_text _builder_version=&#8221;4.17.4&#8243; _module_preset=&#8221;default&#8221; text_font_size=&#8221;18px&#8221; locked=&#8221;off&#8221; global_colors_info=&#8221;{}&#8221;]<\/p>\n<h3>Conversations with H\u00e9l\u00e8ne\u00a0<\/h3>\n<p>[\/et_pb_text][\/et_pb_column][\/et_pb_row][et_pb_row column_structure=&#8221;1_2,1_2&#8243; _builder_version=&#8221;4.16&#8243; _module_preset=&#8221;default&#8221; custom_padding=&#8221;20px||25px||false|false&#8221; locked=&#8221;off&#8221; global_colors_info=&#8221;{}&#8221;][et_pb_column type=&#8221;1_2&#8243; _builder_version=&#8221;4.16&#8243; _module_preset=&#8221;default&#8221; global_colors_info=&#8221;{}&#8221;][et_pb_image src=&#8221;https:\/\/theophilelancien.org\/wp-content\/uploads\/2022\/05\/196-Vignette-conversations-with-HELENE.jpg&#8221; alt=&#8221;196-Vignette conversations with HELENE&#8221; title_text=&#8221;196-Vignette conversations with HELENE&#8221; _builder_version=&#8221;4.17.4&#8243; _module_preset=&#8221;default&#8221; hover_enabled=&#8221;0&#8243; global_colors_info=&#8221;{}&#8221; url=&#8221;https:\/\/youtu.be\/tRA5gO40-Gw&#8221; sticky_enabled=&#8221;0&#8243;][\/et_pb_image][\/et_pb_column][et_pb_column type=&#8221;1_2&#8243; _builder_version=&#8221;4.16&#8243; _module_preset=&#8221;default&#8221; global_colors_info=&#8221;{}&#8221;][et_pb_text _builder_version=&#8221;4.17.4&#8243; _module_preset=&#8221;default&#8221; text_font_size=&#8221;18px&#8221; custom_padding=&#8221;0px||||false|false&#8221; custom_padding_tablet=&#8221;0px||||false|false&#8221; custom_padding_phone=&#8221;&#8221; custom_padding_last_edited=&#8221;on|phone&#8221; global_colors_info=&#8221;{}&#8221;]<\/p>\n<p><span>A conversation with H\u00e9l\u00e8ne (Peyret), recorded in April 2013.<\/span><\/p>\n<p>[\/et_pb_text][\/et_pb_column][\/et_pb_row][\/et_pb_section]<\/p>\n","protected":false},"excerpt":{"rendered":"<p>All on &nbsp; Feminine mysticism &#8230;Video on H\u00e9l\u00e8ne Peyretof april 2013 and visioconference of 10 april 2021Visioconference Through regular interviews over many years, H\u00e9l\u00e8ne and Patrick have developed a deep bond and complicity. To allow us to get to know the &#8220;Babuji scribe&#8221;, as she defined herself, better, he offers to share the fragrance.Conversations with [&hellip;]<\/p>\n","protected":false},"author":2,"featured_media":8529,"parent":0,"menu_order":0,"comment_status":"closed","ping_status":"closed","template":"","meta":{"_et_pb_use_builder":"on","_et_pb_old_content":"","_et_gb_content_width":"","jetpack_post_was_ever_published":false,"footnotes":""},"class_list":["post-10490","page","type-page","status-publish","has-post-thumbnail","hentry"],"yoast_head":"<!-- This site is optimized with the Yoast SEO plugin v27.4 - https:\/\/yoast.com\/product\/yoast-seo-wordpress\/ -->\n<title>All on feminine mysticism ... - Th\u00e9ophile l&#039;Ancien<\/title>\n<meta name=\"robots\" content=\"index, follow, max-snippet:-1, max-image-preview:large, max-video-preview:-1\" \/>\n<link rel=\"canonical\" href=\"https:\/\/theophilelancien.org\/en\/feminine-mysticism\/\" \/>\n<meta property=\"og:locale\" content=\"en_US\" \/>\n<meta property=\"og:type\" content=\"article\" \/>\n<meta property=\"og:title\" content=\"All on feminine mysticism ... - Th\u00e9ophile l&#039;Ancien\" \/>\n<meta property=\"og:description\" content=\"All on &nbsp; Feminine mysticism ...Video on H\u00e9l\u00e8ne Peyretof april 2013 and visioconference of 10 april 2021Visioconference Through regular interviews over many years, H\u00e9l\u00e8ne and Patrick have developed a deep bond and complicity. To allow us to get to know the &quot;Babuji scribe&quot;, as she defined herself, better, he offers to share the fragrance.Conversations with [&hellip;]\" \/>\n<meta property=\"og:url\" content=\"https:\/\/theophilelancien.org\/en\/feminine-mysticism\/\" \/>\n<meta property=\"og:site_name\" content=\"Th\u00e9ophile l&#039;Ancien\" \/>\n<meta property=\"article:publisher\" content=\"https:\/\/www.facebook.com\/theophile.lan\" \/>\n<meta property=\"article:modified_time\" content=\"2022-05-23T13:31:52+00:00\" \/>\n<meta property=\"og:image\" content=\"https:\/\/theophilelancien.org\/wp-content\/uploads\/2021\/04\/La-mystique-au-feminin-\u2026-scaled.jpg\" \/>\n\t<meta property=\"og:image:width\" content=\"2560\" \/>\n\t<meta property=\"og:image:height\" content=\"779\" \/>\n\t<meta property=\"og:image:type\" content=\"image\/jpeg\" \/>\n<meta name=\"twitter:card\" content=\"summary_large_image\" \/>\n<meta name=\"twitter:label1\" content=\"Est. reading time\" \/>\n\t<meta name=\"twitter:data1\" content=\"1 minute\" \/>\n<script type=\"application\/ld+json\" class=\"yoast-schema-graph\">{\"@context\":\"https:\\\/\\\/schema.org\",\"@graph\":[{\"@type\":\"WebPage\",\"@id\":\"https:\\\/\\\/theophilelancien.org\\\/en\\\/feminine-mysticism\\\/\",\"url\":\"https:\\\/\\\/theophilelancien.org\\\/en\\\/feminine-mysticism\\\/\",\"name\":\"All on feminine mysticism ... - Th\u00e9ophile l&#039;Ancien\",\"isPartOf\":{\"@id\":\"https:\\\/\\\/theophilelancien.org\\\/en\\\/#website\"},\"primaryImageOfPage\":{\"@id\":\"https:\\\/\\\/theophilelancien.org\\\/en\\\/feminine-mysticism\\\/#primaryimage\"},\"image\":{\"@id\":\"https:\\\/\\\/theophilelancien.org\\\/en\\\/feminine-mysticism\\\/#primaryimage\"},\"thumbnailUrl\":\"https:\\\/\\\/i0.wp.com\\\/theophilelancien.org\\\/wp-content\\\/uploads\\\/2021\\\/04\\\/La-mystique-au-feminin-%E2%80%A6-scaled.jpg?fit=2560%2C779&ssl=1\",\"datePublished\":\"2022-05-15T10:17:21+00:00\",\"dateModified\":\"2022-05-23T13:31:52+00:00\",\"breadcrumb\":{\"@id\":\"https:\\\/\\\/theophilelancien.org\\\/en\\\/feminine-mysticism\\\/#breadcrumb\"},\"inLanguage\":\"en-US\",\"potentialAction\":[{\"@type\":\"ReadAction\",\"target\":[\"https:\\\/\\\/theophilelancien.org\\\/en\\\/feminine-mysticism\\\/\"]}]},{\"@type\":\"ImageObject\",\"inLanguage\":\"en-US\",\"@id\":\"https:\\\/\\\/theophilelancien.org\\\/en\\\/feminine-mysticism\\\/#primaryimage\",\"url\":\"https:\\\/\\\/i0.wp.com\\\/theophilelancien.org\\\/wp-content\\\/uploads\\\/2021\\\/04\\\/La-mystique-au-feminin-%E2%80%A6-scaled.jpg?fit=2560%2C779&ssl=1\",\"contentUrl\":\"https:\\\/\\\/i0.wp.com\\\/theophilelancien.org\\\/wp-content\\\/uploads\\\/2021\\\/04\\\/La-mystique-au-feminin-%E2%80%A6-scaled.jpg?fit=2560%2C779&ssl=1\",\"width\":2560,\"height\":779,\"caption\":\"La mystique au f\u00e9minin \u2026\"},{\"@type\":\"BreadcrumbList\",\"@id\":\"https:\\\/\\\/theophilelancien.org\\\/en\\\/feminine-mysticism\\\/#breadcrumb\",\"itemListElement\":[{\"@type\":\"ListItem\",\"position\":1,\"name\":\"Accueil\",\"item\":\"https:\\\/\\\/theophilelancien.org\\\/en\\\/\"},{\"@type\":\"ListItem\",\"position\":2,\"name\":\"All on feminine mysticism &#8230;\"}]},{\"@type\":\"WebSite\",\"@id\":\"https:\\\/\\\/theophilelancien.org\\\/en\\\/#website\",\"url\":\"https:\\\/\\\/theophilelancien.org\\\/en\\\/\",\"name\":\"Th\u00e9ophile l&#039;Ancien\",\"description\":\"Th\u00e9ophile l&#039;Ancien\",\"potentialAction\":[{\"@type\":\"SearchAction\",\"target\":{\"@type\":\"EntryPoint\",\"urlTemplate\":\"https:\\\/\\\/theophilelancien.org\\\/en\\\/?s={search_term_string}\"},\"query-input\":{\"@type\":\"PropertyValueSpecification\",\"valueRequired\":true,\"valueName\":\"search_term_string\"}}],\"inLanguage\":\"en-US\"}]}<\/script>\n<!-- \/ Yoast SEO plugin. -->","yoast_head_json":{"title":"All on feminine mysticism ... - Th\u00e9ophile l&#039;Ancien","robots":{"index":"index","follow":"follow","max-snippet":"max-snippet:-1","max-image-preview":"max-image-preview:large","max-video-preview":"max-video-preview:-1"},"canonical":"https:\/\/theophilelancien.org\/en\/feminine-mysticism\/","og_locale":"en_US","og_type":"article","og_title":"All on feminine mysticism ... - Th\u00e9ophile l&#039;Ancien","og_description":"All on &nbsp; Feminine mysticism ...Video on H\u00e9l\u00e8ne Peyretof april 2013 and visioconference of 10 april 2021Visioconference Through regular interviews over many years, H\u00e9l\u00e8ne and Patrick have developed a deep bond and complicity. To allow us to get to know the \"Babuji scribe\", as she defined herself, better, he offers to share the fragrance.Conversations with [&hellip;]","og_url":"https:\/\/theophilelancien.org\/en\/feminine-mysticism\/","og_site_name":"Th\u00e9ophile l&#039;Ancien","article_publisher":"https:\/\/www.facebook.com\/theophile.lan","article_modified_time":"2022-05-23T13:31:52+00:00","og_image":[{"width":2560,"height":779,"url":"https:\/\/theophilelancien.org\/wp-content\/uploads\/2021\/04\/La-mystique-au-feminin-\u2026-scaled.jpg","type":"image\/jpeg"}],"twitter_card":"summary_large_image","twitter_misc":{"Est. reading time":"1 minute"},"schema":{"@context":"https:\/\/schema.org","@graph":[{"@type":"WebPage","@id":"https:\/\/theophilelancien.org\/en\/feminine-mysticism\/","url":"https:\/\/theophilelancien.org\/en\/feminine-mysticism\/","name":"All on feminine mysticism ... - Th\u00e9ophile l&#039;Ancien","isPartOf":{"@id":"https:\/\/theophilelancien.org\/en\/#website"},"primaryImageOfPage":{"@id":"https:\/\/theophilelancien.org\/en\/feminine-mysticism\/#primaryimage"},"image":{"@id":"https:\/\/theophilelancien.org\/en\/feminine-mysticism\/#primaryimage"},"thumbnailUrl":"https:\/\/i0.wp.com\/theophilelancien.org\/wp-content\/uploads\/2021\/04\/La-mystique-au-feminin-%E2%80%A6-scaled.jpg?fit=2560%2C779&ssl=1","datePublished":"2022-05-15T10:17:21+00:00","dateModified":"2022-05-23T13:31:52+00:00","breadcrumb":{"@id":"https:\/\/theophilelancien.org\/en\/feminine-mysticism\/#breadcrumb"},"inLanguage":"en-US","potentialAction":[{"@type":"ReadAction","target":["https:\/\/theophilelancien.org\/en\/feminine-mysticism\/"]}]},{"@type":"ImageObject","inLanguage":"en-US","@id":"https:\/\/theophilelancien.org\/en\/feminine-mysticism\/#primaryimage","url":"https:\/\/i0.wp.com\/theophilelancien.org\/wp-content\/uploads\/2021\/04\/La-mystique-au-feminin-%E2%80%A6-scaled.jpg?fit=2560%2C779&ssl=1","contentUrl":"https:\/\/i0.wp.com\/theophilelancien.org\/wp-content\/uploads\/2021\/04\/La-mystique-au-feminin-%E2%80%A6-scaled.jpg?fit=2560%2C779&ssl=1","width":2560,"height":779,"caption":"La mystique au f\u00e9minin \u2026"},{"@type":"BreadcrumbList","@id":"https:\/\/theophilelancien.org\/en\/feminine-mysticism\/#breadcrumb","itemListElement":[{"@type":"ListItem","position":1,"name":"Accueil","item":"https:\/\/theophilelancien.org\/en\/"},{"@type":"ListItem","position":2,"name":"All on feminine mysticism &#8230;"}]},{"@type":"WebSite","@id":"https:\/\/theophilelancien.org\/en\/#website","url":"https:\/\/theophilelancien.org\/en\/","name":"Th\u00e9ophile l&#039;Ancien","description":"Th\u00e9ophile l&#039;Ancien","potentialAction":[{"@type":"SearchAction","target":{"@type":"EntryPoint","urlTemplate":"https:\/\/theophilelancien.org\/en\/?s={search_term_string}"},"query-input":{"@type":"PropertyValueSpecification","valueRequired":true,"valueName":"search_term_string"}}],"inLanguage":"en-US"}]}},"jetpack_sharing_enabled":true,"jetpack-related-posts":[{"id":1849,"url":"https:\/\/theophilelancien.org\/en\/les-voies\/","url_meta":{"origin":10490,"position":0},"title":"Spiritual paths","author":"G\u00e9rard Abraham","date":"11\/03\/2017","format":false,"excerpt":"","rel":"","context":"Similar post","block_context":{"text":"Similar post","link":""},"img":{"alt_text":"logo2","src":"https:\/\/i0.wp.com\/theophilelancien.org\/wp-content\/uploads\/2016\/07\/logo2-1.png?resize=350%2C200","width":350,"height":200},"classes":[]},{"id":1213,"url":"https:\/\/theophilelancien.org\/les-voies\/","url_meta":{"origin":10490,"position":1},"title":"Voies spirituelles","author":"G\u00e9rard Abraham","date":"11\/03\/2017","format":false,"excerpt":"","rel":"","context":"Similar post","block_context":{"text":"Similar post","link":""},"img":{"alt_text":"logo2","src":"https:\/\/i0.wp.com\/theophilelancien.org\/wp-content\/uploads\/2016\/07\/logo2-1.png?resize=350%2C200","width":350,"height":200},"classes":[]},{"id":315,"url":"https:\/\/theophilelancien.org\/travail-sur-soi\/","url_meta":{"origin":10490,"position":2},"title":"Travail sur soi","author":"G\u00e9rard Abraham","date":"30\/07\/2016","format":false,"excerpt":"","rel":"","context":"Similar post","block_context":{"text":"Similar post","link":""},"img":{"alt_text":"logo2","src":"https:\/\/i0.wp.com\/theophilelancien.org\/wp-content\/uploads\/2016\/07\/logo2-1.png?resize=350%2C200","width":350,"height":200},"classes":[]},{"id":2741,"url":"https:\/\/theophilelancien.org\/en\/dialogs-with-theophile-the-elder\/sharing-views-one-thousand-moons\/","url_meta":{"origin":10490,"position":3},"title":"Sharing views with the One Thousand Moons","author":"G\u00e9rard Abraham","date":"07\/07\/2017","format":false,"excerpt":"","rel":"","context":"Similar post","block_context":{"text":"Similar post","link":""},"img":{"alt_text":"logo2","src":"https:\/\/i0.wp.com\/theophilelancien.org\/wp-content\/uploads\/2016\/07\/logo2-1.png?resize=350%2C200","width":350,"height":200},"classes":[]},{"id":7427,"url":"https:\/\/theophilelancien.org\/en\/advanced-practice\/","url_meta":{"origin":10490,"position":4},"title":"Advanced practice","author":"G\u00e9rard Abraham","date":"05\/12\/2020","format":false,"excerpt":"","rel":"","context":"Similar post","block_context":{"text":"Similar post","link":""},"img":{"alt_text":"logo2","src":"https:\/\/i0.wp.com\/theophilelancien.org\/wp-content\/uploads\/2016\/07\/logo2-1.png?resize=350%2C200","width":350,"height":200},"classes":[]},{"id":7864,"url":"https:\/\/theophilelancien.org\/taoisme-medecine-chinoise\/","url_meta":{"origin":10490,"position":5},"title":"Tao\u00efsme &#8211; M\u00e9decine chinoise","author":"G\u00e9rard Abraham","date":"18\/12\/2020","format":false,"excerpt":"","rel":"","context":"Similar post","block_context":{"text":"Similar post","link":""},"img":{"alt_text":"logo2","src":"https:\/\/i0.wp.com\/theophilelancien.org\/wp-content\/uploads\/2016\/07\/logo2-1.png?resize=350%2C200","width":350,"height":200},"classes":[]}],"_links":{"self":[{"href":"https:\/\/theophilelancien.org\/en\/wp-json\/wp\/v2\/pages\/10490","targetHints":{"allow":["GET"]}}],"collection":[{"href":"https:\/\/theophilelancien.org\/en\/wp-json\/wp\/v2\/pages"}],"about":[{"href":"https:\/\/theophilelancien.org\/en\/wp-json\/wp\/v2\/types\/page"}],"author":[{"embeddable":true,"href":"https:\/\/theophilelancien.org\/en\/wp-json\/wp\/v2\/users\/2"}],"replies":[{"embeddable":true,"href":"https:\/\/theophilelancien.org\/en\/wp-json\/wp\/v2\/comments?post=10490"}],"version-history":[{"count":23,"href":"https:\/\/theophilelancien.org\/en\/wp-json\/wp\/v2\/pages\/10490\/revisions"}],"predecessor-version":[{"id":10725,"href":"https:\/\/theophilelancien.org\/en\/wp-json\/wp\/v2\/pages\/10490\/revisions\/10725"}],"wp:featuredmedia":[{"embeddable":true,"href":"https:\/\/theophilelancien.org\/en\/wp-json\/wp\/v2\/media\/8529"}],"wp:attachment":[{"href":"https:\/\/theophilelancien.org\/en\/wp-json\/wp\/v2\/media?parent=10490"}],"curies":[{"name":"wp","href":"https:\/\/api.w.org\/{rel}","templated":true}]}}